{"id":17,"date":"2020-11-18T14:37:54","date_gmt":"2020-11-18T14:37:54","guid":{"rendered":"http:\/\/ninaostmantylli.fi\/?page_id=17"},"modified":"2024-11-25T14:33:45","modified_gmt":"2024-11-25T14:33:45","slug":"etusivu","status":"publish","type":"page","link":"https:\/\/ninaostmantylli.fi\/sv_SE\/","title":{"rendered":"STARTSIDA"},"content":{"rendered":"<p>V\u00e4lkommen till F\u00f6retagstj\u00e4nst N. \u00d6stman-Tylli Ab:s sidor. <\/p>\n<p>Hoppas vi kan st\u00e5 till tj\u00e4nst&#8230; <\/p>\n<p>Nina \u00d6stman-Tylli:<br \/>\nt. 050-300 4177<br \/>\ninfo@ninaostmantylli.fi<br \/>\n&#8211; GR revisor, 2009<br \/>\n&#8211; EBR bokf\u00f6rare, 2008<br \/>\n&#8211; EM ekonomie magister, 1994<br \/>\n&#8211; HHJ godk\u00e4nd styrelsemedlem, 2023<br \/>\n&#8211; HBR h\u00e5llbarhetsrevisor, 2024<\/p>\n","protected":false},"excerpt":{"rendered":"<p>V\u00e4lkommen till F\u00f6retagstj\u00e4nst N. \u00d6stman-Tylli Ab:s sidor. <\/p>\n<p>Hoppas vi kan st\u00e5 till tj\u00e4nst&#8230; <\/p>\n<p>Nina \u00d6stman-Tylli:<br \/>\nt. 050-300 4177<br \/>\ninfo@ninaostmantylli.fi<br \/>\n&#8211; GR revisor, 2009<br \/>\n&#8211; EBR bokf\u00f6rare, 2008<br \/>\n&#8211; EM ekonomie magister, 1994<br \/>\n&#8211; HHJ godk\u00e4nd styrelsem&#8230;<\/p>\n","protected":false},"author":1,"featured_media":0,"parent":0,"menu_order":1,"comment_status":"closed","ping_status":"closed","template":"","meta":[],"yoast_head":"<!-- This site is optimized with the Yoast SEO plugin v19.11 - https:\/\/yoast.com\/wordpress\/plugins\/seo\/ -->\n<title>ETUSIVU -<\/title>\n<meta name=\"robots\" content=\"index, follow, max-snippet:-1, max-image-preview:large, max-video-preview:-1\" \/>\n<link rel=\"canonical\" href=\"https:\/\/ninaostmantylli.fi\/\" \/>\n<meta property=\"og:locale\" content=\"en_GB\" \/>\n<meta property=\"og:type\" content=\"article\" \/>\n<meta property=\"og:title\" content=\"ETUSIVU -\" \/>\n<meta property=\"og:description\" content=\"V\u00e4lkommen till F\u00f6retagstj\u00e4nst N. \u00d6stman-Tylli Ab:s sidor.  Hoppas vi kan st\u00e5 till tj\u00e4nst...  Nina \u00d6stman-Tylli: t. 050-300 4177 info@ninaostmantylli.fi - GR revisor, 2009 - EBR bokf\u00f6rare, 2008 - EM ekonomie magister, 1994 - HHJ godk\u00e4nd styrelsem...\" \/>\n<meta property=\"og:url\" content=\"https:\/\/ninaostmantylli.fi\/\" \/>\n<meta property=\"article:modified_time\" content=\"2024-11-25T14:33:45+00:00\" \/>\n<meta name=\"twitter:card\" content=\"summary_large_image\" \/>\n<meta name=\"twitter:label1\" content=\"Estimated reading time\" \/>\n\t<meta name=\"twitter:data1\" content=\"1 minute\" \/>\n<script type=\"application\/ld+json\" class=\"yoast-schema-graph\">{\"@context\":\"https:\/\/schema.org\",\"@graph\":[{\"@type\":\"WebPage\",\"@id\":\"https:\/\/ninaostmantylli.fi\/\",\"url\":\"https:\/\/ninaostmantylli.fi\/\",\"name\":\"ETUSIVU -\",\"isPartOf\":{\"@id\":\"https:\/\/ninaostmantylli.fi\/fi\/#website\"},\"datePublished\":\"2020-11-18T14:37:54+00:00\",\"dateModified\":\"2024-11-25T14:33:45+00:00\",\"breadcrumb\":{\"@id\":\"https:\/\/ninaostmantylli.fi\/#breadcrumb\"},\"inLanguage\":\"en-GB\",\"potentialAction\":[{\"@type\":\"ReadAction\",\"target\":[\"https:\/\/ninaostmantylli.fi\/\"]}]},{\"@type\":\"BreadcrumbList\",\"@id\":\"https:\/\/ninaostmantylli.fi\/#breadcrumb\",\"itemListElement\":[{\"@type\":\"ListItem\",\"position\":1,\"name\":\"Home\",\"item\":\"https:\/\/ninaostmantylli.fi\/\"},{\"@type\":\"ListItem\",\"position\":2,\"name\":\"FRONTPAGE\"}]},{\"@type\":\"WebSite\",\"@id\":\"https:\/\/ninaostmantylli.fi\/fi\/#website\",\"url\":\"https:\/\/ninaostmantylli.fi\/fi\/\",\"name\":\"\",\"description\":\"\",\"potentialAction\":[{\"@type\":\"SearchAction\",\"target\":{\"@type\":\"EntryPoint\",\"urlTemplate\":\"https:\/\/ninaostmantylli.fi\/fi\/?s={search_term_string}\"},\"query-input\":\"required name=search_term_string\"}],\"inLanguage\":\"en-GB\"}]}<\/script>\n<!-- \/ Yoast SEO plugin. -->","yoast_head_json":{"title":"ETUSIVU -","robots":{"index":"index","follow":"follow","max-snippet":"max-snippet:-1","max-image-preview":"max-image-preview:large","max-video-preview":"max-video-preview:-1"},"canonical":"https:\/\/ninaostmantylli.fi\/","og_locale":"en_GB","og_type":"article","og_title":"ETUSIVU -","og_description":"V\u00e4lkommen till F\u00f6retagstj\u00e4nst N. \u00d6stman-Tylli Ab:s sidor.  Hoppas vi kan st\u00e5 till tj\u00e4nst...  Nina \u00d6stman-Tylli: t. 050-300 4177 info@ninaostmantylli.fi - GR revisor, 2009 - EBR bokf\u00f6rare, 2008 - EM ekonomie magister, 1994 - HHJ godk\u00e4nd styrelsem...","og_url":"https:\/\/ninaostmantylli.fi\/","article_modified_time":"2024-11-25T14:33:45+00:00","twitter_card":"summary_large_image","twitter_misc":{"Estimated reading time":"1 minute"},"schema":{"@context":"https:\/\/schema.org","@graph":[{"@type":"WebPage","@id":"https:\/\/ninaostmantylli.fi\/","url":"https:\/\/ninaostmantylli.fi\/","name":"ETUSIVU -","isPartOf":{"@id":"https:\/\/ninaostmantylli.fi\/fi\/#website"},"datePublished":"2020-11-18T14:37:54+00:00","dateModified":"2024-11-25T14:33:45+00:00","breadcrumb":{"@id":"https:\/\/ninaostmantylli.fi\/#breadcrumb"},"inLanguage":"en-GB","potentialAction":[{"@type":"ReadAction","target":["https:\/\/ninaostmantylli.fi\/"]}]},{"@type":"BreadcrumbList","@id":"https:\/\/ninaostmantylli.fi\/#breadcrumb","itemListElement":[{"@type":"ListItem","position":1,"name":"Home","item":"https:\/\/ninaostmantylli.fi\/"},{"@type":"ListItem","position":2,"name":"FRONTPAGE"}]},{"@type":"WebSite","@id":"https:\/\/ninaostmantylli.fi\/fi\/#website","url":"https:\/\/ninaostmantylli.fi\/fi\/","name":"","description":"","potentialAction":[{"@type":"SearchAction","target":{"@type":"EntryPoint","urlTemplate":"https:\/\/ninaostmantylli.fi\/fi\/?s={search_term_string}"},"query-input":"required name=search_term_string"}],"inLanguage":"en-GB"}]}},"_links":{"self":[{"href":"https:\/\/ninaostmantylli.fi\/sv_SE\/wp-json\/wp\/v2\/pages\/17"}],"collection":[{"href":"https:\/\/ninaostmantylli.fi\/sv_SE\/wp-json\/wp\/v2\/pages"}],"about":[{"href":"https:\/\/ninaostmantylli.fi\/sv_SE\/wp-json\/wp\/v2\/types\/page"}],"author":[{"embeddable":true,"href":"https:\/\/ninaostmantylli.fi\/sv_SE\/wp-json\/wp\/v2\/users\/1"}],"replies":[{"embeddable":true,"href":"https:\/\/ninaostmantylli.fi\/sv_SE\/wp-json\/wp\/v2\/comments?post=17"}],"version-history":[{"count":58,"href":"https:\/\/ninaostmantylli.fi\/sv_SE\/wp-json\/wp\/v2\/pages\/17\/revisions"}],"predecessor-version":[{"id":315,"href":"https:\/\/ninaostmantylli.fi\/sv_SE\/wp-json\/wp\/v2\/pages\/17\/revisions\/315"}],"wp:attachment":[{"href":"https:\/\/ninaostmantylli.fi\/sv_SE\/wp-json\/wp\/v2\/media?parent=17"}],"curies":[{"name":"wp","href":"https:\/\/api.w.org\/{rel}","templated":true}]}}