{"id":29,"date":"2020-11-18T14:44:23","date_gmt":"2020-11-18T14:44:23","guid":{"rendered":"http:\/\/ninaostmantylli.fi\/?page_id=29"},"modified":"2021-01-22T20:21:53","modified_gmt":"2021-01-22T20:21:53","slug":"yhteystiedot","status":"publish","type":"page","link":"https:\/\/ninaostmantylli.fi\/sv_SE\/yhteystiedot\/","title":{"rendered":"KONTAKTUPPGIFTER"},"content":{"rendered":"<p>F\u00f6retagstj\u00e4nst N. \u00d6stman-Tylli Ab<\/p>\n<p>Bes\u00f6ksadress: M\u00e4nt\u00e4tie 1, 67700 Karleby<\/p>\n<p>Postadress: Tegelsalav\u00e4gen 1a 67600 Karleby Tel. 050-300 4177<\/p>\n<p>E-post:<\/p>\n<p>ninaostmantylli(at)gmail.com<\/p>\n<p>FO- nummer: 2628142-9 <iframe loading=\"lazy\" style=\"border: 0;\" tabindex=\"0\" src=\"https:\/\/www.google.com\/maps\/embed?pb=!1m18!1m12!1m3!1d880.4549516949386!2d23.17029918130559!3d63.80989437278491!2m3!1f0!2f0!3f0!3m2!1i1024!2i768!4f13.1!3m3!1m2!1s0x468748761a6075d1%3A0x337dd94a20b678f9!2sTopparbackav%C3%A4gen%2C%20Karleby!5e0!3m2!1ssv!2sfi!4v1606307560796!5m2!1ssv!2sfi\" width=\"600\" height=\"450\" frameborder=\"0\" allowfullscreen=\"allowfullscreen\" aria-hidden=\"false\"><\/iframe><\/p>\n","protected":false},"excerpt":{"rendered":"<p>F\u00f6retagstj\u00e4nst N. \u00d6stman-Tylli Ab<\/p>\n<p>Bes\u00f6ksadress: M\u00e4nt\u00e4tie 1, 67700 Karleby<\/p>\n<p>Postadress: Tegelsalav\u00e4gen 1a 67600 Karleby Tel. 050-300 4177<\/p>\n<p>E-post:<\/p>\n<p>ninaostmantylli(at)gmail.com<\/p>\n<p>FO- nummer: 2628142-9 <iframe style=\"border: 0;\" tabindex=\"0\" src=\"htt...\n<\/p>\n","protected":false},"author":1,"featured_media":0,"parent":0,"menu_order":3,"comment_status":"closed","ping_status":"closed","template":"","meta":[],"yoast_head":"<!-- This site is optimized with the Yoast SEO plugin v19.11 - https:\/\/yoast.com\/wordpress\/plugins\/seo\/ -->\n<title>YHTEYSTIEDOT -<\/title>\n<meta name=\"robots\" content=\"index, follow, max-snippet:-1, max-image-preview:large, max-video-preview:-1\" \/>\n<link rel=\"canonical\" href=\"https:\/\/ninaostmantylli.fi\/fi\/yhteystiedot\/\" \/>\n<meta property=\"og:locale\" content=\"en_GB\" \/>\n<meta property=\"og:type\" content=\"article\" \/>\n<meta property=\"og:title\" content=\"YHTEYSTIEDOT -\" \/>\n<meta property=\"og:description\" content=\"F\u00f6retagstj\u00e4nst N. \u00d6stman-Tylli Ab Bes\u00f6ksadress: M\u00e4nt\u00e4tie 1, 67700 Karleby Postadress: Tegelsalav\u00e4gen 1a 67600 Karleby Tel. 050-300 4177 E-post: ninaostmantylli(at)gmail.com  FO- nummer: 2628142-9\" \/>\n<meta property=\"og:url\" content=\"https:\/\/ninaostmantylli.fi\/fi\/yhteystiedot\/\" \/>\n<meta property=\"article:modified_time\" content=\"2021-01-22T20:21:53+00:00\" \/>\n<meta name=\"twitter:card\" content=\"summary_large_image\" \/>\n<script type=\"application\/ld+json\" class=\"yoast-schema-graph\">{\"@context\":\"https:\/\/schema.org\",\"@graph\":[{\"@type\":\"WebPage\",\"@id\":\"https:\/\/ninaostmantylli.fi\/fi\/yhteystiedot\/\",\"url\":\"https:\/\/ninaostmantylli.fi\/fi\/yhteystiedot\/\",\"name\":\"YHTEYSTIEDOT -\",\"isPartOf\":{\"@id\":\"https:\/\/ninaostmantylli.fi\/fi\/#website\"},\"datePublished\":\"2020-11-18T14:44:23+00:00\",\"dateModified\":\"2021-01-22T20:21:53+00:00\",\"breadcrumb\":{\"@id\":\"https:\/\/ninaostmantylli.fi\/fi\/yhteystiedot\/#breadcrumb\"},\"inLanguage\":\"en-GB\",\"potentialAction\":[{\"@type\":\"ReadAction\",\"target\":[\"https:\/\/ninaostmantylli.fi\/fi\/yhteystiedot\/\"]}]},{\"@type\":\"BreadcrumbList\",\"@id\":\"https:\/\/ninaostmantylli.fi\/fi\/yhteystiedot\/#breadcrumb\",\"itemListElement\":[{\"@type\":\"ListItem\",\"position\":1,\"name\":\"Home\",\"item\":\"https:\/\/ninaostmantylli.fi\/\"},{\"@type\":\"ListItem\",\"position\":2,\"name\":\"YHTEYSTIEDOT\"}]},{\"@type\":\"WebSite\",\"@id\":\"https:\/\/ninaostmantylli.fi\/fi\/#website\",\"url\":\"https:\/\/ninaostmantylli.fi\/fi\/\",\"name\":\"\",\"description\":\"\",\"potentialAction\":[{\"@type\":\"SearchAction\",\"target\":{\"@type\":\"EntryPoint\",\"urlTemplate\":\"https:\/\/ninaostmantylli.fi\/fi\/?s={search_term_string}\"},\"query-input\":\"required name=search_term_string\"}],\"inLanguage\":\"en-GB\"}]}<\/script>\n<!-- \/ Yoast SEO plugin. -->","yoast_head_json":{"title":"YHTEYSTIEDOT -","robots":{"index":"index","follow":"follow","max-snippet":"max-snippet:-1","max-image-preview":"max-image-preview:large","max-video-preview":"max-video-preview:-1"},"canonical":"https:\/\/ninaostmantylli.fi\/fi\/yhteystiedot\/","og_locale":"en_GB","og_type":"article","og_title":"YHTEYSTIEDOT -","og_description":"F\u00f6retagstj\u00e4nst N. \u00d6stman-Tylli Ab Bes\u00f6ksadress: M\u00e4nt\u00e4tie 1, 67700 Karleby Postadress: Tegelsalav\u00e4gen 1a 67600 Karleby Tel. 050-300 4177 E-post: ninaostmantylli(at)gmail.com  FO- nummer: 2628142-9","og_url":"https:\/\/ninaostmantylli.fi\/fi\/yhteystiedot\/","article_modified_time":"2021-01-22T20:21:53+00:00","twitter_card":"summary_large_image","schema":{"@context":"https:\/\/schema.org","@graph":[{"@type":"WebPage","@id":"https:\/\/ninaostmantylli.fi\/fi\/yhteystiedot\/","url":"https:\/\/ninaostmantylli.fi\/fi\/yhteystiedot\/","name":"YHTEYSTIEDOT -","isPartOf":{"@id":"https:\/\/ninaostmantylli.fi\/fi\/#website"},"datePublished":"2020-11-18T14:44:23+00:00","dateModified":"2021-01-22T20:21:53+00:00","breadcrumb":{"@id":"https:\/\/ninaostmantylli.fi\/fi\/yhteystiedot\/#breadcrumb"},"inLanguage":"en-GB","potentialAction":[{"@type":"ReadAction","target":["https:\/\/ninaostmantylli.fi\/fi\/yhteystiedot\/"]}]},{"@type":"BreadcrumbList","@id":"https:\/\/ninaostmantylli.fi\/fi\/yhteystiedot\/#breadcrumb","itemListElement":[{"@type":"ListItem","position":1,"name":"Home","item":"https:\/\/ninaostmantylli.fi\/"},{"@type":"ListItem","position":2,"name":"YHTEYSTIEDOT"}]},{"@type":"WebSite","@id":"https:\/\/ninaostmantylli.fi\/fi\/#website","url":"https:\/\/ninaostmantylli.fi\/fi\/","name":"","description":"","potentialAction":[{"@type":"SearchAction","target":{"@type":"EntryPoint","urlTemplate":"https:\/\/ninaostmantylli.fi\/fi\/?s={search_term_string}"},"query-input":"required name=search_term_string"}],"inLanguage":"en-GB"}]}},"_links":{"self":[{"href":"https:\/\/ninaostmantylli.fi\/sv_SE\/wp-json\/wp\/v2\/pages\/29"}],"collection":[{"href":"https:\/\/ninaostmantylli.fi\/sv_SE\/wp-json\/wp\/v2\/pages"}],"about":[{"href":"https:\/\/ninaostmantylli.fi\/sv_SE\/wp-json\/wp\/v2\/types\/page"}],"author":[{"embeddable":true,"href":"https:\/\/ninaostmantylli.fi\/sv_SE\/wp-json\/wp\/v2\/users\/1"}],"replies":[{"embeddable":true,"href":"https:\/\/ninaostmantylli.fi\/sv_SE\/wp-json\/wp\/v2\/comments?post=29"}],"version-history":[{"count":58,"href":"https:\/\/ninaostmantylli.fi\/sv_SE\/wp-json\/wp\/v2\/pages\/29\/revisions"}],"predecessor-version":[{"id":273,"href":"https:\/\/ninaostmantylli.fi\/sv_SE\/wp-json\/wp\/v2\/pages\/29\/revisions\/273"}],"wp:attachment":[{"href":"https:\/\/ninaostmantylli.fi\/sv_SE\/wp-json\/wp\/v2\/media?parent=29"}],"curies":[{"name":"wp","href":"https:\/\/api.w.org\/{rel}","templated":true}]}}